{"id":186,"date":"2026-02-17T16:36:50","date_gmt":"2026-02-17T15:36:50","guid":{"rendered":"https:\/\/synpas-fo.fr\/?page_id=186"},"modified":"2026-04-02T13:23:02","modified_gmt":"2026-04-02T12:23:02","slug":"accueil","status":"publish","type":"page","link":"https:\/\/synpas-fo.fr\/","title":{"rendered":"[Message de vos repr\u00e9sentants du personnel SYNPAS-FO] \u2013 Elections professionnelles ASNR"},"content":{"rendered":"\n<figure class=\"wp-block-image aligncenter size-full is-resized\"><img loading=\"lazy\" decoding=\"async\" width=\"686\" height=\"404\" src=\"https:\/\/synpas-fo.fr\/wp-content\/uploads\/2026\/04\/merci.png\" alt=\"\" class=\"wp-image-512\" style=\"aspect-ratio:1.698111447889951;width:497px;height:auto\" srcset=\"https:\/\/synpas-fo.fr\/wp-content\/uploads\/2026\/04\/merci.png 686w, https:\/\/synpas-fo.fr\/wp-content\/uploads\/2026\/04\/merci-300x177.png 300w\" sizes=\"auto, (max-width: 686px) 100vw, 686px\" \/><\/figure>\n\n\n\n<figure class=\"wp-block-image size-full is-resized\"><img loading=\"lazy\" decoding=\"async\" width=\"954\" height=\"248\" src=\"https:\/\/synpas-fo.fr\/wp-content\/uploads\/2026\/02\/logo.png\" alt=\"\" class=\"wp-image-160\" style=\"aspect-ratio:3.8470786246693915;width:167px;height:auto\" srcset=\"https:\/\/synpas-fo.fr\/wp-content\/uploads\/2026\/02\/logo.png 954w, https:\/\/synpas-fo.fr\/wp-content\/uploads\/2026\/02\/logo-300x78.png 300w, https:\/\/synpas-fo.fr\/wp-content\/uploads\/2026\/02\/logo-768x200.png 768w\" sizes=\"auto, (max-width: 954px) 100vw, 954px\" \/><\/figure>\n\n\n\n<p>Ch\u00e8res et chers coll\u00e8gues,<\/p>\n\n\n\n<p>Tout d\u2019abord, nous tenons \u00e0 vous remercier chaleureusement pour votre mobilisation exceptionnelle lors des \u00e9lections professionnelles, qui ont vu le taux de participation de l\u2019ensemble des agents publics atteindre <strong>87,98%<\/strong> (76,75% pour l\u2019ensemble de personnels ASNR) pour l\u2019\u00e9lection de vos repr\u00e9sentants au CSA, et le taux de participation pour les agents contractuels pour les repr\u00e9sentants \u00e0 la CCP s\u2019\u00e9lever \u00e0 <strong>83,02 %<\/strong>&nbsp;! Plus d\u2019info sur la page <a href=\"https:\/\/archipel.asnr.intra\/jcms\/2239806_JNewsArticle\/decouvrez-les-resultats-des-elections-professionnelles-de-l-asnr\">D\u00e9couvrez les r\u00e9sultats des \u00e9lections professionnelles de l\u2019ASNR &#8211; Archipel<\/a><\/p>\n\n\n\n<p>(<em>Lors des \u00e9lections professionnelles ASN de fin 2022, ces taux \u00e9taient respectivement de 54,92% et 60,29%). &nbsp;<\/em><\/p>\n\n\n\n<p>Ces taux de participation historiques sont la marque d\u2019un scrutin \u00e0 enjeu, pour laquelle les agents publics ont su faire entendre leur voix&nbsp;!<\/p>\n\n\n\n<p><strong>A l\u2019issue de ces \u00e9lections, le SYNPAS-FO, avec pratiquement 80% des voix pour le coll\u00e8ge des agents publics en CSA, obtient 4 si\u00e8ges de titulaires sur 5, et est donc le premier syndicat c\u00f4t\u00e9 public&nbsp;!<\/strong><\/p>\n\n\n\n<p><strong>Pour la CCP, avec 42,35% des voix, le SYNPAS-FO obtient un des deux si\u00e8ges de titulaires&nbsp;! <\/strong>&nbsp;<\/p>\n\n\n\n<p><em>Une analyse du r\u00e9sultat des \u00e9lections au CSA dans leur ensemble&nbsp;: c\u00f4t\u00e9 salari\u00e9s, avec 9 si\u00e8ges de titulaires sur 15, la CGT est majoritaire (4 si\u00e8ges pour la CFDT, 2 si\u00e8ges pour la CFE-CGC).<\/em><\/p>\n\n\n\n<p>Nous vous remercions sinc\u00e8rement pour la confiance que vous nous avez manifest\u00e9 pour la mandature qui vient, que nous prenons comme une reconnaissance du travail men\u00e9 ces 4 derni\u00e8res ann\u00e9es, dans un contexte pas toujours facile&nbsp;!<\/p>\n\n\n\n<p>Ces r\u00e9sultats, associ\u00e9s \u00e0 une tr\u00e8s forte participation, nous engagent pleinement. Ils conf\u00e8rent aux nouveaux repr\u00e9sentants du personnel SYNPAS-FO une l\u00e9gitimit\u00e9 et un poids majeur pour vous repr\u00e9senter lors des 4 prochaines ann\u00e9es, et en particulier pour peser dans la signature des futures accords de n\u00e9gociations concernant les agents publics.<\/p>\n\n\n\n<p>Nous nous engageons, dans la continuit\u00e9 des actions men\u00e9es par l\u2019UNSP FO sur la pr\u00e9c\u00e9dente mandature, \u00e0 veiller au respect des positions que nous avons affich\u00e9 au cours de notre campagne, et \u00e0 \u0153uvrer pour que l\u2019ASNR soit une autorit\u00e9 attractive, dans laquelle les agents publics conservent toute leur place&nbsp;!<\/p>\n\n\n\n<p class=\"has-pale-cyan-blue-background-color has-background\" style=\"border-top-left-radius:10px;border-top-right-radius:10px;border-bottom-left-radius:10px;border-bottom-right-radius:10px\">Quelles sont les prochaines \u00e9tapes&nbsp;qui attendent vos \u00e9lus ?<\/p>\n\n\n\n<ul class=\"wp-block-list\">\n<li>Mise en place du CSA, avec \u00e0 venir notamment l\u2019examen des <strong>r\u00e9organisations des directions m\u00e9tiers<\/strong><\/li>\n\n\n\n<li><strong>Mise en place de l\u2019action sociale et culturelle de l\u2019ASNR<\/strong>, ouverte \u00e0 l\u2019ensemble des personnels\u00a0!<\/li>\n\n\n\n<li><strong>Mesures cat\u00e9gorielles fortes et ambitieuses pour les agents publics<\/strong>, afin de reconna\u00eetre leurs comp\u00e9tences, d\u2019obtenir une progression de carri\u00e8re juste et des conditions de r\u00e9mun\u00e9rations \u00e0 la hauteur de leur engagement<\/li>\n\n\n\n<li>N\u00e9gociation du corpus social\u00a0:<\/li>\n<\/ul>\n\n\n\n<ul class=\"wp-block-list\">\n<li><strong>Protection Sociale Compl\u00e9mentaire<\/strong>\u00a0: ouverture prochaine des n\u00e9gociations, possible sortie du contrat avec Bercy pour une mutuelle\/pr\u00e9voyance ASNR\u00a0?<\/li>\n\n\n\n<li><strong>Int\u00e9ressement\u00a0<\/strong>: pour un \u00e9largissement du dispositif aux agents publics\u00a0!\u00a0<\/li>\n\n\n\n<li><strong>T\u00e9l\u00e9travail, \u00e9galit\u00e9 professionnelles F\/H\u00a0<\/strong>: vers un aboutissement des n\u00e9gociations entam\u00e9es en 2025 et un accord sign\u00e9 prochainement\u00a0?<\/li>\n<\/ul>\n\n\n\n<p class=\"has-text-align-center\"><em>(Les personnes int\u00e9ress\u00e9es pour rejoindre la d\u00e9l\u00e9gation SYNPAS FO pour participer aux n\u00e9gociations sont invit\u00e9es \u00e0 nous contacter&nbsp;!)<\/em><\/p>\n\n\n\n<ul class=\"wp-block-list\">\n<li>\u2026<\/li>\n<\/ul>\n\n\n\n<p>Fid\u00e8les \u00e0 notre engagement, nous vous tiendrons inform\u00e9s des prochaines actualit\u00e9s ayant un impact sur vos conditions de travail, et restons \u00e0 votre \u00e9coute pour toute question ou remont\u00e9e d\u2019information&nbsp;!<\/p>\n\n\n\n<p>Amicalement,<\/p>\n\n\n\n<p>Vos repr\u00e9sentants du personnel SYNPAS-FO (<a href=\"mailto:synpas-fo@asnr.fr\">synpas-fo@asnr.fr<\/a>&nbsp;: @<a href=\"https:\/\/synpas-fo.fr\/\">Synpas-FO \u2013 Le site du Syndicat National des Personnels de l&rsquo;ASNR<\/a>)&nbsp;<\/p>\n\n\n\n<figure class=\"wp-block-image size-large\"><img loading=\"lazy\" decoding=\"async\" width=\"1024\" height=\"145\" src=\"https:\/\/synpas-fo.fr\/wp-content\/uploads\/2026\/04\/SYNPAS-FO_ASNR-1024x145.png\" alt=\"\" class=\"wp-image-511\" srcset=\"https:\/\/synpas-fo.fr\/wp-content\/uploads\/2026\/04\/SYNPAS-FO_ASNR-1024x145.png 1024w, https:\/\/synpas-fo.fr\/wp-content\/uploads\/2026\/04\/SYNPAS-FO_ASNR-300x42.png 300w, https:\/\/synpas-fo.fr\/wp-content\/uploads\/2026\/04\/SYNPAS-FO_ASNR-768x108.png 768w, https:\/\/synpas-fo.fr\/wp-content\/uploads\/2026\/04\/SYNPAS-FO_ASNR.png 1225w\" sizes=\"auto, (max-width: 1024px) 100vw, 1024px\" \/><\/figure>\n","protected":false},"excerpt":{"rendered":"<p>Ch\u00e8res et chers coll\u00e8gues, Tout d\u2019abord, nous tenons \u00e0 vous remercier chaleureusement pour votre mobilisation exceptionnelle lors des \u00e9lections professionnelles, qui ont vu le taux de participation de l\u2019ensemble des agents publics atteindre 87,98% (76,75% pour l\u2019ensemble de personnels ASNR) pour l\u2019\u00e9lection de vos repr\u00e9sentants au CSA, et le taux de participation pour les agents [&hellip;]<\/p>\n","protected":false},"author":5,"featured_media":512,"parent":0,"menu_order":0,"comment_status":"closed","ping_status":"closed","template":"","meta":{"_uag_custom_page_level_css":"","footnotes":""},"categories":[],"tags":[],"class_list":["post-186","page","type-page","status-publish","has-post-thumbnail","hentry"],"blocksy_meta":{"has_hero_section":"disabled","styles_descriptor":{"styles":{"desktop":"","tablet":"","mobile":""},"google_fonts":[],"version":6},"page_structure_type":"type-3"},"uagb_featured_image_src":{"full":["https:\/\/synpas-fo.fr\/wp-content\/uploads\/2026\/04\/merci.png",686,404,false],"thumbnail":["https:\/\/synpas-fo.fr\/wp-content\/uploads\/2026\/04\/merci-150x150.png",150,150,true],"medium":["https:\/\/synpas-fo.fr\/wp-content\/uploads\/2026\/04\/merci-300x177.png",300,177,true],"medium_large":["https:\/\/synpas-fo.fr\/wp-content\/uploads\/2026\/04\/merci.png",686,404,false],"large":["https:\/\/synpas-fo.fr\/wp-content\/uploads\/2026\/04\/merci.png",686,404,false],"1536x1536":["https:\/\/synpas-fo.fr\/wp-content\/uploads\/2026\/04\/merci.png",686,404,false],"2048x2048":["https:\/\/synpas-fo.fr\/wp-content\/uploads\/2026\/04\/merci.png",686,404,false]},"uagb_author_info":{"display_name":"R_GLE","author_link":"https:\/\/synpas-fo.fr\/?author=5"},"uagb_comment_info":0,"uagb_excerpt":"Ch\u00e8res et chers coll\u00e8gues, Tout d\u2019abord, nous tenons \u00e0 vous remercier chaleureusement pour votre mobilisation exceptionnelle lors des \u00e9lections professionnelles, qui ont vu le taux de participation de l\u2019ensemble des agents publics atteindre 87,98% (76,75% pour l\u2019ensemble de personnels ASNR) pour l\u2019\u00e9lection de vos repr\u00e9sentants au CSA, et le taux de participation pour les agents\u2026","_links":{"self":[{"href":"https:\/\/synpas-fo.fr\/index.php?rest_route=\/wp\/v2\/pages\/186","targetHints":{"allow":["GET"]}}],"collection":[{"href":"https:\/\/synpas-fo.fr\/index.php?rest_route=\/wp\/v2\/pages"}],"about":[{"href":"https:\/\/synpas-fo.fr\/index.php?rest_route=\/wp\/v2\/types\/page"}],"author":[{"embeddable":true,"href":"https:\/\/synpas-fo.fr\/index.php?rest_route=\/wp\/v2\/users\/5"}],"replies":[{"embeddable":true,"href":"https:\/\/synpas-fo.fr\/index.php?rest_route=%2Fwp%2Fv2%2Fcomments&post=186"}],"version-history":[{"count":49,"href":"https:\/\/synpas-fo.fr\/index.php?rest_route=\/wp\/v2\/pages\/186\/revisions"}],"predecessor-version":[{"id":518,"href":"https:\/\/synpas-fo.fr\/index.php?rest_route=\/wp\/v2\/pages\/186\/revisions\/518"}],"wp:featuredmedia":[{"embeddable":true,"href":"https:\/\/synpas-fo.fr\/index.php?rest_route=\/wp\/v2\/media\/512"}],"wp:attachment":[{"href":"https:\/\/synpas-fo.fr\/index.php?rest_route=%2Fwp%2Fv2%2Fmedia&parent=186"}],"wp:term":[{"taxonomy":"category","embeddable":true,"href":"https:\/\/synpas-fo.fr\/index.php?rest_route=%2Fwp%2Fv2%2Fcategories&post=186"},{"taxonomy":"post_tag","embeddable":true,"href":"https:\/\/synpas-fo.fr\/index.php?rest_route=%2Fwp%2Fv2%2Ftags&post=186"}],"curies":[{"name":"wp","href":"https:\/\/api.w.org\/{rel}","templated":true}]}}