{"id":502,"date":"2026-04-02T12:54:47","date_gmt":"2026-04-02T11:54:47","guid":{"rendered":"https:\/\/synpas-fo.fr\/?page_id=502"},"modified":"2026-04-02T12:57:03","modified_gmt":"2026-04-02T11:57:03","slug":"election-pro-2026","status":"publish","type":"page","link":"https:\/\/synpas-fo.fr\/?page_id=502","title":{"rendered":"\u00c9lections PRO 2026 &#8211; Accueil"},"content":{"rendered":"\n<h2 class=\"wp-block-heading\">Bienvenue sur le site du&nbsp; SYNPAS-FO !<\/h2>\n\n\n\n<p>Le SYNPAS-FO prend la suite de l&rsquo;UNSP-FO, <strong>unique organisation syndicale repr\u00e9sentative des personnels de droit public de l&rsquo;ASNR<\/strong>. Vous trouverez en particulier sur notre site toutes les informations n\u00e9cessaires aux \u00e9lections professionnelles de mars 2026 :<\/p>\n\n\n\n<ul class=\"wp-block-list\">\n<li style=\"font-size:clamp(14.642px, 0.915rem + ((1vw - 3.2px) * 0.575), 22px);\">Ces \u00e9lections, <a href=\"https:\/\/synpas-fo.fr\/?page_id=172\" data-type=\"page\" data-id=\"172\" target=\"_blank\" rel=\"noreferrer noopener\">de quoi s&rsquo;agit-il?<\/a><\/li>\n\n\n\n<li style=\"font-size:clamp(14.642px, 0.915rem + ((1vw - 3.2px) * 0.575), 22px);\"><a href=\"https:\/\/synpas-fo.fr\/?page_id=353\" data-type=\"page\" data-id=\"353\" target=\"_blank\" rel=\"noreferrer noopener\">Notre bilan <\/a>de la mandature 2022-2026<\/li>\n\n\n\n<li style=\"font-size:clamp(14.642px, 0.915rem + ((1vw - 3.2px) * 0.575), 22px);\">Notre <a href=\"https:\/\/synpas-fo.fr\/?page_id=128\" data-type=\"page\" data-id=\"128\" target=\"_blank\" rel=\"noreferrer noopener\">programme<\/a><\/li>\n\n\n\n<li>Pour les contractuels :\n<ul class=\"wp-block-list\">\n<li>La <a href=\"https:\/\/synpas-fo.fr\/?page_id=172#ccp\" data-type=\"page\" data-id=\"172\" target=\"_blank\" rel=\"noreferrer noopener\">commission consultative paritaire (CCP)<\/a><\/li>\n\n\n\n<li><a href=\"https:\/\/synpas-fo.fr\/?page_id=472\" data-type=\"page\" data-id=\"472\" target=\"_blank\" rel=\"noreferrer noopener\">Quel avenir pour les contractuels au sein de l&rsquo;ASNR?<\/a><\/li>\n<\/ul>\n<\/li>\n<\/ul>\n\n\n\n<p>Vous trouverez par ailleurs les r\u00e9ponses au questionnaire de l&rsquo;APIE sur la prise en compte des enjeux environnementaux par le SYNPAS-FO <a href=\"https:\/\/synpas-fo.fr\/?page_id=492\" data-type=\"page\" data-id=\"492\">ici<\/a>.<\/p>\n\n\n\n<div class=\"wp-block-group has-white-color has-text-color has-background has-link-color wp-elements-ff09182a37db378052e7e4c884a825b4 is-layout-constrained wp-container-core-group-is-layout-f611be13 wp-block-group-is-layout-constrained\" style=\"border-width:10px;border-top-left-radius:41px;border-top-right-radius:41px;border-bottom-left-radius:41px;border-bottom-right-radius:41px;background-color:#b71c1c;padding-top:var(--wp--preset--spacing--50);padding-right:var(--wp--preset--spacing--50);padding-bottom:var(--wp--preset--spacing--50);padding-left:var(--wp--preset--spacing--50)\">\n<p class=\"has-text-align-center has-medium-font-size\"><strong>Voter pour nous, c&rsquo;est voter pour<\/strong>&nbsp;<strong>:<\/strong><\/p>\n\n\n\n<ul class=\"wp-block-list\">\n<li class=\"has-medium-font-size\"><strong>La seule liste habitu\u00e9e \u00e0 travailler avec l\u2019administration<\/strong><\/li>\n\n\n\n<li class=\"has-medium-font-size\"><strong>La seule liste a avoir travaill\u00e9 \u00e0 la mise en place de l\u2019ASNR et maitrisant d\u00e9j\u00e0 les dossiers \u00e0 venir<\/strong><\/li>\n<\/ul>\n<\/div>\n\n\n\n<p>La liste de nos candidates et candidats est disponible sur l&rsquo;intranet de l&rsquo;ASNR. <br>Pour des raisons de protection des informations personnelles, nous ne publions pas les noms sur ce site.<\/p>\n\n\n\n\n\n<p><\/p>\n","protected":false},"excerpt":{"rendered":"<p>Bienvenue sur le site du&nbsp; SYNPAS-FO ! Le SYNPAS-FO prend la suite de l&rsquo;UNSP-FO, unique organisation syndicale repr\u00e9sentative des personnels de droit public de l&rsquo;ASNR. Vous trouverez en particulier sur notre site toutes les informations n\u00e9cessaires aux \u00e9lections professionnelles de mars 2026 : Vous trouverez par ailleurs les r\u00e9ponses au questionnaire de l&rsquo;APIE sur la [&hellip;]<\/p>\n","protected":false},"author":2,"featured_media":0,"parent":0,"menu_order":0,"comment_status":"closed","ping_status":"closed","template":"","meta":{"_uag_custom_page_level_css":"","footnotes":""},"categories":[2],"tags":[],"class_list":["post-502","page","type-page","status-publish","hentry","category-campagne-2026"],"blocksy_meta":[],"uagb_featured_image_src":{"full":false,"thumbnail":false,"medium":false,"medium_large":false,"large":false,"1536x1536":false,"2048x2048":false},"uagb_author_info":{"display_name":"R_SFE","author_link":"https:\/\/synpas-fo.fr\/?author=2"},"uagb_comment_info":0,"uagb_excerpt":"Bienvenue sur le site du&nbsp; SYNPAS-FO ! Le SYNPAS-FO prend la suite de l&rsquo;UNSP-FO, unique organisation syndicale repr\u00e9sentative des personnels de droit public de l&rsquo;ASNR. Vous trouverez en particulier sur notre site toutes les informations n\u00e9cessaires aux \u00e9lections professionnelles de mars 2026 : Vous trouverez par ailleurs les r\u00e9ponses au questionnaire de l&rsquo;APIE sur la\u2026","_links":{"self":[{"href":"https:\/\/synpas-fo.fr\/index.php?rest_route=\/wp\/v2\/pages\/502","targetHints":{"allow":["GET"]}}],"collection":[{"href":"https:\/\/synpas-fo.fr\/index.php?rest_route=\/wp\/v2\/pages"}],"about":[{"href":"https:\/\/synpas-fo.fr\/index.php?rest_route=\/wp\/v2\/types\/page"}],"author":[{"embeddable":true,"href":"https:\/\/synpas-fo.fr\/index.php?rest_route=\/wp\/v2\/users\/2"}],"replies":[{"embeddable":true,"href":"https:\/\/synpas-fo.fr\/index.php?rest_route=%2Fwp%2Fv2%2Fcomments&post=502"}],"version-history":[{"count":3,"href":"https:\/\/synpas-fo.fr\/index.php?rest_route=\/wp\/v2\/pages\/502\/revisions"}],"predecessor-version":[{"id":508,"href":"https:\/\/synpas-fo.fr\/index.php?rest_route=\/wp\/v2\/pages\/502\/revisions\/508"}],"wp:attachment":[{"href":"https:\/\/synpas-fo.fr\/index.php?rest_route=%2Fwp%2Fv2%2Fmedia&parent=502"}],"wp:term":[{"taxonomy":"category","embeddable":true,"href":"https:\/\/synpas-fo.fr\/index.php?rest_route=%2Fwp%2Fv2%2Fcategories&post=502"},{"taxonomy":"post_tag","embeddable":true,"href":"https:\/\/synpas-fo.fr\/index.php?rest_route=%2Fwp%2Fv2%2Ftags&post=502"}],"curies":[{"name":"wp","href":"https:\/\/api.w.org\/{rel}","templated":true}]}}